{"id":11,"date":"2024-06-18T18:06:26","date_gmt":"2024-06-18T16:06:26","guid":{"rendered":"https:\/\/www.eol-chansons.ch\/?page_id=11"},"modified":"2024-06-18T22:59:53","modified_gmt":"2024-06-18T20:59:53","slug":"__trashed","status":"publish","type":"page","link":"https:\/\/www.eol-chansons.ch\/","title":{"rendered":"Accueil"},"content":{"rendered":"<nav class=\"has-text-color has-vivid-purple-color has-background has-luminous-vivid-amber-background-color has-small-font-size is-responsive items-justified-center alignwide wp-block-navigation is-content-justification-center is-layout-flex wp-container-core-navigation-is-layout-0af31f88 wp-block-navigation-is-layout-flex\" aria-label=\"Navigation\" \n\t\t data-wp-interactive=\"core\/navigation\" data-wp-context='{\"overlayOpenedBy\":{\"click\":false,\"hover\":false,\"focus\":false},\"type\":\"overlay\",\"roleAttribute\":\"\",\"ariaLabel\":\"Menu\"}'><button aria-haspopup=\"dialog\" aria-label=\"Ouvrir le menu\" class=\"wp-block-navigation__responsive-container-open\" \n\t\t\t\tdata-wp-on--click=\"actions.openMenuOnClick\"\n\t\t\t\tdata-wp-on--keydown=\"actions.handleMenuKeydown\"\n\t\t\t><svg width=\"24\" height=\"24\" xmlns=\"http:\/\/www.w3.org\/2000\/svg\" viewBox=\"0 0 24 24\" aria-hidden=\"true\" focusable=\"false\"><path d=\"M4 7.5h16v1.5H4z\"><\/path><path d=\"M4 15h16v1.5H4z\"><\/path><\/svg><\/button>\n\t\t\t\t<div class=\"wp-block-navigation__responsive-container\"  id=\"modal-1\" \n\t\t\t\tdata-wp-class--has-modal-open=\"state.isMenuOpen\"\n\t\t\t\tdata-wp-class--is-menu-open=\"state.isMenuOpen\"\n\t\t\t\tdata-wp-watch=\"callbacks.initMenu\"\n\t\t\t\tdata-wp-on--keydown=\"actions.handleMenuKeydown\"\n\t\t\t\tdata-wp-on--focusout=\"actions.handleMenuFocusout\"\n\t\t\t\ttabindex=\"-1\"\n\t\t\t>\n\t\t\t\t\t<div class=\"wp-block-navigation__responsive-close\" tabindex=\"-1\">\n\t\t\t\t\t\t<div class=\"wp-block-navigation__responsive-dialog\" \n\t\t\t\tdata-wp-bind--aria-modal=\"state.ariaModal\"\n\t\t\t\tdata-wp-bind--aria-label=\"state.ariaLabel\"\n\t\t\t\tdata-wp-bind--role=\"state.roleAttribute\"\n\t\t\t>\n\t\t\t\t\t\t\t<button aria-label=\"Fermer le menu\" class=\"wp-block-navigation__responsive-container-close\" \n\t\t\t\tdata-wp-on--click=\"actions.closeMenuOnClick\"\n\t\t\t><svg xmlns=\"http:\/\/www.w3.org\/2000\/svg\" viewBox=\"0 0 24 24\" width=\"24\" height=\"24\" aria-hidden=\"true\" focusable=\"false\"><path d=\"m13.06 12 6.47-6.47-1.06-1.06L12 10.94 5.53 4.47 4.47 5.53 10.94 12l-6.47 6.47 1.06 1.06L12 13.06l6.47 6.47 1.06-1.06L13.06 12Z\"><\/path><\/svg><\/button>\n\t\t\t\t\t\t\t<div class=\"wp-block-navigation__responsive-container-content\" \n\t\t\t\tdata-wp-watch=\"callbacks.focusFirstElement\"\n\t\t\t id=\"modal-1-content\">\n\t\t\t\t\t\t\t\t<ul class=\"wp-block-navigation__container has-text-color has-vivid-purple-color has-background has-luminous-vivid-amber-background-color has-small-font-size is-responsive items-justified-center alignwide wp-block-navigation has-small-font-size\"><li class=\"has-small-font-size wp-block-navigation-item wp-block-navigation-link\"><a class=\"wp-block-navigation-item__content\"  href=\"https:\/\/www.eol-chansons.ch\/?page_id=11\"><span class=\"wp-block-navigation-item__label\">Accueil<\/span><\/a><\/li><li class=\"has-small-font-size wp-block-navigation-item wp-block-navigation-link\"><a class=\"wp-block-navigation-item__content\"  href=\"https:\/\/www.eol-chansons.ch\/?page_id=56\"><span class=\"wp-block-navigation-item__label\">News<\/span><\/a><\/li><li class=\"has-small-font-size wp-block-navigation-item wp-block-navigation-link\"><a class=\"wp-block-navigation-item__content\"  href=\"https:\/\/www.eol-chansons.ch\/?page_id=23\"><span class=\"wp-block-navigation-item__label\">Concerts &#8211; R\u00e9trospective<\/span><\/a><\/li><li class=\"has-small-font-size wp-block-navigation-item wp-block-navigation-link\"><a class=\"wp-block-navigation-item__content\"  href=\"https:\/\/www.eol-chansons.ch\/?page_id=60\"><span class=\"wp-block-navigation-item__label\">Contact<\/span><\/a><\/li><\/ul>\n\t\t\t\t\t\t\t<\/div>\n\t\t\t\t\t\t<\/div>\n\t\t\t\t\t<\/div>\n\t\t\t\t<\/div><\/nav>\n\n\n<h1 class=\"wp-block-heading has-text-align-center\">EOL<\/h1>\n\n\n\n<figure class=\"wp-block-image size-large is-resized wp-duotone-unset-2\"><img loading=\"lazy\" decoding=\"async\" width=\"1024\" height=\"768\" src=\"https:\/\/www.eol-chansons.ch\/wp-content\/uploads\/20231118_193013-1024x768.jpg\" alt=\"\" class=\"wp-image-19\" style=\"width:645px;height:auto\" srcset=\"https:\/\/www.eol-chansons.ch\/wp-content\/uploads\/20231118_193013-1024x768.jpg 1024w, https:\/\/www.eol-chansons.ch\/wp-content\/uploads\/20231118_193013-300x225.jpg 300w, https:\/\/www.eol-chansons.ch\/wp-content\/uploads\/20231118_193013-768x576.jpg 768w, https:\/\/www.eol-chansons.ch\/wp-content\/uploads\/20231118_193013-1536x1152.jpg 1536w, https:\/\/www.eol-chansons.ch\/wp-content\/uploads\/20231118_193013-2048x1536.jpg 2048w\" sizes=\"auto, (max-width: 1024px) 100vw, 1024px\" \/><figcaption class=\"wp-element-caption\">Concert au Caf\u00e9 Fridolin \u00e0 Cologne avec Johannes Kruse et Hannes W\u00f6hrle 18.11.2023<\/figcaption><\/figure>\n\n\n\n<p class=\"has-text-align-center\">Eol est un auteur-compositeur-interpr\u00e8te francophone qui depuis 2023 se produit r\u00e9guli\u00e8rement sur sc\u00e8ne accompagn\u00e9 de Johannes Kruse et Hannes W\u00f6hrle. <\/p>\n\n\n\n<p class=\"has-text-align-center\">Ses chansons \u00e0 l&rsquo;exception de quelques fantaisies invitent sans cesse \u00e0 prendre conscience et\/ou \u00e0 reconsid\u00e9rer certains aspects de notre soci\u00e9t\u00e9. Avec Eol, il n&rsquo;est presque jamais question d&rsquo;un vrai\/faux, d&rsquo;un bien\/mal: En effet bien loin de vouloir imposer un avis ou une conviction, il cherche avant tout \u00e0 recontextualiser et \u00e0 mettre en lumi\u00e8re les paradoxes qui nous entourent. Quelques exceptions pars\u00e8ment tout de m\u00eame son r\u00e9pertoire (que sa chanson <em>J&rsquo;aime pas les Fascistes<\/em> en soi t\u00e9moin). <\/p>\n\n\n\n<p class=\"has-text-align-center\">Son style musical est un m\u00e9lange de chanson fran\u00e7aise dans le sens classique du terme, de jazz, de rythmique latine et d&rsquo;exp\u00e9rimentations personnelles. Ses diff\u00e9rentes influences et inspirations l&rsquo;ont men\u00e9 \u00e0 cr\u00e9er au fil des ann\u00e9es un r\u00e9pertoire h\u00e9t\u00e9rog\u00e8ne qui en concert se traduit par un renouvellement permanent. <\/p>\n\n\n\n<p class=\"has-text-align-center has-foreground-color has-text-color has-link-color wp-elements-629aa1d7460d0ba793860788775d5ff3\">Les concerts d&rsquo;ailleurs: c&rsquo;est v\u00e9ritablement l\u00e0 qu&rsquo;Eol prend son envol! Que ce soit en Suisse ou en Allemagne: Ils ont \u00e9t\u00e9 jusqu&rsquo;\u00e0 ce jour l&rsquo;assurance d&rsquo;un public conquis. Hannes W\u00f6hrle et Johannes Kruse, tout deux excellents musiciens, y sont naturellement pour beaucoup! C&rsquo;est v\u00e9ritablement eux qui donnent corps \u00e0 ce nid musical, dans lequel Eol n&rsquo;a plus qu&rsquo;\u00e0 d\u00e9poser sa voix.<\/p>\n\n\n\n<hr class=\"wp-block-separator has-alpha-channel-opacity\"\/>\n","protected":false},"excerpt":{"rendered":"<p>EOL Eol est un auteur-compositeur-interpr\u00e8te francophone qui depuis 2023 se produit r\u00e9guli\u00e8rement sur sc\u00e8ne accompagn\u00e9 de Johannes Kruse et Hannes W\u00f6hrle. Ses chansons \u00e0 l&rsquo;exception de quelques fantaisies invitent sans cesse \u00e0 prendre conscience et\/ou \u00e0 reconsid\u00e9rer certains aspects de notre soci\u00e9t\u00e9. Avec Eol, il n&rsquo;est presque jamais question d&rsquo;un vrai\/faux, d&rsquo;un bien\/mal: En effet [&hellip;]<\/p>\n","protected":false},"author":2,"featured_media":0,"parent":0,"menu_order":0,"comment_status":"closed","ping_status":"closed","template":"","meta":{"footnotes":""},"class_list":["post-11","page","type-page","status-publish","hentry"],"_links":{"self":[{"href":"https:\/\/www.eol-chansons.ch\/index.php?rest_route=\/wp\/v2\/pages\/11","targetHints":{"allow":["GET"]}}],"collection":[{"href":"https:\/\/www.eol-chansons.ch\/index.php?rest_route=\/wp\/v2\/pages"}],"about":[{"href":"https:\/\/www.eol-chansons.ch\/index.php?rest_route=\/wp\/v2\/types\/page"}],"author":[{"embeddable":true,"href":"https:\/\/www.eol-chansons.ch\/index.php?rest_route=\/wp\/v2\/users\/2"}],"replies":[{"embeddable":true,"href":"https:\/\/www.eol-chansons.ch\/index.php?rest_route=%2Fwp%2Fv2%2Fcomments&post=11"}],"version-history":[{"count":7,"href":"https:\/\/www.eol-chansons.ch\/index.php?rest_route=\/wp\/v2\/pages\/11\/revisions"}],"predecessor-version":[{"id":58,"href":"https:\/\/www.eol-chansons.ch\/index.php?rest_route=\/wp\/v2\/pages\/11\/revisions\/58"}],"wp:attachment":[{"href":"https:\/\/www.eol-chansons.ch\/index.php?rest_route=%2Fwp%2Fv2%2Fmedia&parent=11"}],"curies":[{"name":"wp","href":"https:\/\/api.w.org\/{rel}","templated":true}]}}