{"id":23,"date":"2024-06-18T20:09:19","date_gmt":"2024-06-18T18:09:19","guid":{"rendered":"https:\/\/www.eol-chansons.ch\/?page_id=23"},"modified":"2025-05-20T16:01:54","modified_gmt":"2025-05-20T14:01:54","slug":"concerts-retrospective","status":"publish","type":"page","link":"https:\/\/www.eol-chansons.ch\/?page_id=23","title":{"rendered":"Concerts &#8211; R\u00e9trospective"},"content":{"rendered":"\n<p>Caf\u00e9 Fridolin &#8211; K\u00f6ln &#8211; Allemagne &#8211; 18.11.2023<\/p>\n\n\n\n<figure class=\"wp-block-gallery has-nested-images columns-default is-cropped wp-block-gallery-1 is-layout-flex wp-block-gallery-is-layout-flex\">\n<figure class=\"wp-block-image alignright size-large\"><img loading=\"lazy\" decoding=\"async\" width=\"1024\" height=\"768\" data-id=\"29\" src=\"https:\/\/www.eol-chansons.ch\/wp-content\/uploads\/20231118_192614-1024x768.jpg\" alt=\"\" class=\"wp-image-29\" srcset=\"https:\/\/www.eol-chansons.ch\/wp-content\/uploads\/20231118_192614-1024x768.jpg 1024w, https:\/\/www.eol-chansons.ch\/wp-content\/uploads\/20231118_192614-300x225.jpg 300w, https:\/\/www.eol-chansons.ch\/wp-content\/uploads\/20231118_192614-768x576.jpg 768w, https:\/\/www.eol-chansons.ch\/wp-content\/uploads\/20231118_192614-1536x1152.jpg 1536w, https:\/\/www.eol-chansons.ch\/wp-content\/uploads\/20231118_192614-2048x1536.jpg 2048w\" sizes=\"auto, (max-width: 1024px) 100vw, 1024px\" \/><\/figure>\n<\/figure>\n\n\n\n<figure class=\"wp-block-gallery has-nested-images columns-default is-cropped wp-block-gallery-2 is-layout-flex wp-block-gallery-is-layout-flex\">\n<figure class=\"wp-block-image size-large\"><img loading=\"lazy\" decoding=\"async\" width=\"1024\" height=\"768\" data-id=\"26\" src=\"https:\/\/www.eol-chansons.ch\/wp-content\/uploads\/20231118_193105-1024x768.jpg\" alt=\"\" class=\"wp-image-26\" srcset=\"https:\/\/www.eol-chansons.ch\/wp-content\/uploads\/20231118_193105-1024x768.jpg 1024w, https:\/\/www.eol-chansons.ch\/wp-content\/uploads\/20231118_193105-300x225.jpg 300w, https:\/\/www.eol-chansons.ch\/wp-content\/uploads\/20231118_193105-768x576.jpg 768w, https:\/\/www.eol-chansons.ch\/wp-content\/uploads\/20231118_193105-1536x1152.jpg 1536w, https:\/\/www.eol-chansons.ch\/wp-content\/uploads\/20231118_193105-2048x1536.jpg 2048w\" sizes=\"auto, (max-width: 1024px) 100vw, 1024px\" \/><\/figure>\n\n\n\n<figure class=\"wp-block-image size-large\"><img loading=\"lazy\" decoding=\"async\" width=\"1024\" height=\"768\" data-id=\"27\" src=\"https:\/\/www.eol-chansons.ch\/wp-content\/uploads\/20231118_194006-1024x768.jpg\" alt=\"\" class=\"wp-image-27\" srcset=\"https:\/\/www.eol-chansons.ch\/wp-content\/uploads\/20231118_194006-1024x768.jpg 1024w, https:\/\/www.eol-chansons.ch\/wp-content\/uploads\/20231118_194006-300x225.jpg 300w, https:\/\/www.eol-chansons.ch\/wp-content\/uploads\/20231118_194006-768x576.jpg 768w, https:\/\/www.eol-chansons.ch\/wp-content\/uploads\/20231118_194006-1536x1152.jpg 1536w, https:\/\/www.eol-chansons.ch\/wp-content\/uploads\/20231118_194006-2048x1536.jpg 2048w\" sizes=\"auto, (max-width: 1024px) 100vw, 1024px\" \/><\/figure>\n<\/figure>\n\n\n\n<hr class=\"wp-block-separator has-alpha-channel-opacity\"\/>\n\n\n\n<div style=\"height:50px\" aria-hidden=\"true\" class=\"wp-block-spacer\"><\/div>\n\n\n\n<p>Caf\u00e9 Lieblings &#8211; Bern &#8211; Suisse &#8211; 20.3.2024<\/p>\n\n\n\n<figure class=\"wp-block-gallery has-nested-images columns-default is-cropped wp-block-gallery-3 is-layout-flex wp-block-gallery-is-layout-flex\">\n<figure class=\"wp-block-image size-large\"><img loading=\"lazy\" decoding=\"async\" width=\"1024\" height=\"577\" data-id=\"35\" src=\"https:\/\/www.eol-chansons.ch\/wp-content\/uploads\/image-1-1024x577.jpeg\" alt=\"\" class=\"wp-image-35\" srcset=\"https:\/\/www.eol-chansons.ch\/wp-content\/uploads\/image-1-1024x577.jpeg 1024w, https:\/\/www.eol-chansons.ch\/wp-content\/uploads\/image-1-300x169.jpeg 300w, https:\/\/www.eol-chansons.ch\/wp-content\/uploads\/image-1-768x432.jpeg 768w, https:\/\/www.eol-chansons.ch\/wp-content\/uploads\/image-1-1536x865.jpeg 1536w, https:\/\/www.eol-chansons.ch\/wp-content\/uploads\/image-1.jpeg 2048w\" sizes=\"auto, (max-width: 1024px) 100vw, 1024px\" \/><\/figure>\n\n\n\n<figure class=\"wp-block-image size-large\"><img loading=\"lazy\" decoding=\"async\" width=\"1024\" height=\"577\" data-id=\"36\" src=\"https:\/\/www.eol-chansons.ch\/wp-content\/uploads\/image-1024x577.jpeg\" alt=\"\" class=\"wp-image-36\" srcset=\"https:\/\/www.eol-chansons.ch\/wp-content\/uploads\/image-1024x577.jpeg 1024w, https:\/\/www.eol-chansons.ch\/wp-content\/uploads\/image-300x169.jpeg 300w, https:\/\/www.eol-chansons.ch\/wp-content\/uploads\/image-768x432.jpeg 768w, https:\/\/www.eol-chansons.ch\/wp-content\/uploads\/image-1536x865.jpeg 1536w, https:\/\/www.eol-chansons.ch\/wp-content\/uploads\/image.jpeg 2048w\" sizes=\"auto, (max-width: 1024px) 100vw, 1024px\" \/><\/figure>\n<\/figure>\n\n\n\n<hr class=\"wp-block-separator has-alpha-channel-opacity\"\/>\n\n\n\n<div style=\"height:50px\" aria-hidden=\"true\" class=\"wp-block-spacer\"><\/div>\n\n\n\n<p>Yens &#8211; Suisse &#8211; 21.3.2024<\/p>\n\n\n\n<figure class=\"wp-block-image size-large\"><img loading=\"lazy\" decoding=\"async\" width=\"1024\" height=\"768\" src=\"https:\/\/www.eol-chansons.ch\/wp-content\/uploads\/WhatsApp-Bild-2024-06-18-um-18.19.13_5c09fd9a-1-1024x768.jpg\" alt=\"\" class=\"wp-image-32\" srcset=\"https:\/\/www.eol-chansons.ch\/wp-content\/uploads\/WhatsApp-Bild-2024-06-18-um-18.19.13_5c09fd9a-1-1024x768.jpg 1024w, https:\/\/www.eol-chansons.ch\/wp-content\/uploads\/WhatsApp-Bild-2024-06-18-um-18.19.13_5c09fd9a-1-300x225.jpg 300w, https:\/\/www.eol-chansons.ch\/wp-content\/uploads\/WhatsApp-Bild-2024-06-18-um-18.19.13_5c09fd9a-1-768x576.jpg 768w, https:\/\/www.eol-chansons.ch\/wp-content\/uploads\/WhatsApp-Bild-2024-06-18-um-18.19.13_5c09fd9a-1-1536x1152.jpg 1536w, https:\/\/www.eol-chansons.ch\/wp-content\/uploads\/WhatsApp-Bild-2024-06-18-um-18.19.13_5c09fd9a-1.jpg 1600w\" sizes=\"auto, (max-width: 1024px) 100vw, 1024px\" \/><\/figure>\n\n\n\n<figure class=\"wp-block-gallery has-nested-images columns-default is-cropped wp-block-gallery-4 is-layout-flex wp-block-gallery-is-layout-flex\">\n<figure class=\"wp-block-image size-large\"><img loading=\"lazy\" decoding=\"async\" width=\"1024\" height=\"768\" data-id=\"33\" src=\"https:\/\/www.eol-chansons.ch\/wp-content\/uploads\/WhatsApp-Bild-2024-06-18-um-18.19.13_b8d3a893-1024x768.jpg\" alt=\"\" class=\"wp-image-33\" srcset=\"https:\/\/www.eol-chansons.ch\/wp-content\/uploads\/WhatsApp-Bild-2024-06-18-um-18.19.13_b8d3a893-1024x768.jpg 1024w, https:\/\/www.eol-chansons.ch\/wp-content\/uploads\/WhatsApp-Bild-2024-06-18-um-18.19.13_b8d3a893-300x225.jpg 300w, https:\/\/www.eol-chansons.ch\/wp-content\/uploads\/WhatsApp-Bild-2024-06-18-um-18.19.13_b8d3a893-768x576.jpg 768w, https:\/\/www.eol-chansons.ch\/wp-content\/uploads\/WhatsApp-Bild-2024-06-18-um-18.19.13_b8d3a893-1536x1152.jpg 1536w, https:\/\/www.eol-chansons.ch\/wp-content\/uploads\/WhatsApp-Bild-2024-06-18-um-18.19.13_b8d3a893.jpg 1600w\" sizes=\"auto, (max-width: 1024px) 100vw, 1024px\" \/><\/figure>\n\n\n\n<figure class=\"wp-block-image size-large\"><img loading=\"lazy\" decoding=\"async\" width=\"1024\" height=\"768\" data-id=\"34\" src=\"https:\/\/www.eol-chansons.ch\/wp-content\/uploads\/WhatsApp-Bild-2024-06-18-um-18.19.13_63f4cab6-1024x768.jpg\" alt=\"\" class=\"wp-image-34\" srcset=\"https:\/\/www.eol-chansons.ch\/wp-content\/uploads\/WhatsApp-Bild-2024-06-18-um-18.19.13_63f4cab6-1024x768.jpg 1024w, https:\/\/www.eol-chansons.ch\/wp-content\/uploads\/WhatsApp-Bild-2024-06-18-um-18.19.13_63f4cab6-300x225.jpg 300w, https:\/\/www.eol-chansons.ch\/wp-content\/uploads\/WhatsApp-Bild-2024-06-18-um-18.19.13_63f4cab6-768x576.jpg 768w, https:\/\/www.eol-chansons.ch\/wp-content\/uploads\/WhatsApp-Bild-2024-06-18-um-18.19.13_63f4cab6-1536x1152.jpg 1536w, https:\/\/www.eol-chansons.ch\/wp-content\/uploads\/WhatsApp-Bild-2024-06-18-um-18.19.13_63f4cab6.jpg 1600w\" sizes=\"auto, (max-width: 1024px) 100vw, 1024px\" \/><\/figure>\n<\/figure>\n\n\n\n<hr class=\"wp-block-separator has-alpha-channel-opacity\"\/>\n\n\n\n<div style=\"height:50px\" aria-hidden=\"true\" class=\"wp-block-spacer\"><\/div>\n\n\n\n<p>Maison de Quartier Sous-Gare &#8211; Lausanne &#8211; Suisse &#8211; 22.3.2024<\/p>\n\n\n\n<figure class=\"wp-block-image size-large\"><img loading=\"lazy\" decoding=\"async\" width=\"1024\" height=\"683\" src=\"https:\/\/www.eol-chansons.ch\/wp-content\/uploads\/IMG_2825-1024x683.jpg\" alt=\"\" class=\"wp-image-37\" srcset=\"https:\/\/www.eol-chansons.ch\/wp-content\/uploads\/IMG_2825-1024x683.jpg 1024w, https:\/\/www.eol-chansons.ch\/wp-content\/uploads\/IMG_2825-300x200.jpg 300w, https:\/\/www.eol-chansons.ch\/wp-content\/uploads\/IMG_2825-768x512.jpg 768w, https:\/\/www.eol-chansons.ch\/wp-content\/uploads\/IMG_2825-1536x1024.jpg 1536w, https:\/\/www.eol-chansons.ch\/wp-content\/uploads\/IMG_2825-2048x1365.jpg 2048w\" sizes=\"auto, (max-width: 1024px) 100vw, 1024px\" \/><\/figure>\n\n\n\n<figure class=\"wp-block-image size-large\"><img loading=\"lazy\" decoding=\"async\" width=\"1024\" height=\"683\" src=\"https:\/\/www.eol-chansons.ch\/wp-content\/uploads\/IMG_2868-1024x683.jpg\" alt=\"\" class=\"wp-image-38\" srcset=\"https:\/\/www.eol-chansons.ch\/wp-content\/uploads\/IMG_2868-1024x683.jpg 1024w, https:\/\/www.eol-chansons.ch\/wp-content\/uploads\/IMG_2868-300x200.jpg 300w, https:\/\/www.eol-chansons.ch\/wp-content\/uploads\/IMG_2868-768x512.jpg 768w, https:\/\/www.eol-chansons.ch\/wp-content\/uploads\/IMG_2868-1536x1024.jpg 1536w, https:\/\/www.eol-chansons.ch\/wp-content\/uploads\/IMG_2868-2048x1365.jpg 2048w\" sizes=\"auto, (max-width: 1024px) 100vw, 1024px\" \/><\/figure>\n\n\n\n<figure class=\"wp-block-gallery has-nested-images columns-default is-cropped wp-block-gallery-5 is-layout-flex wp-block-gallery-is-layout-flex\">\n<figure class=\"wp-block-image size-large\"><img loading=\"lazy\" decoding=\"async\" width=\"1024\" height=\"683\" data-id=\"40\" src=\"https:\/\/www.eol-chansons.ch\/wp-content\/uploads\/IMG_2984-1024x683.jpg\" alt=\"\" class=\"wp-image-40\" srcset=\"https:\/\/www.eol-chansons.ch\/wp-content\/uploads\/IMG_2984-1024x683.jpg 1024w, https:\/\/www.eol-chansons.ch\/wp-content\/uploads\/IMG_2984-300x200.jpg 300w, https:\/\/www.eol-chansons.ch\/wp-content\/uploads\/IMG_2984-768x512.jpg 768w, https:\/\/www.eol-chansons.ch\/wp-content\/uploads\/IMG_2984-1536x1024.jpg 1536w, https:\/\/www.eol-chansons.ch\/wp-content\/uploads\/IMG_2984-2048x1365.jpg 2048w\" sizes=\"auto, (max-width: 1024px) 100vw, 1024px\" \/><\/figure>\n\n\n\n<figure class=\"wp-block-image size-large\"><img loading=\"lazy\" decoding=\"async\" width=\"1024\" height=\"683\" data-id=\"39\" src=\"https:\/\/www.eol-chansons.ch\/wp-content\/uploads\/IMG_2980-1024x683.jpg\" alt=\"\" class=\"wp-image-39\" srcset=\"https:\/\/www.eol-chansons.ch\/wp-content\/uploads\/IMG_2980-1024x683.jpg 1024w, https:\/\/www.eol-chansons.ch\/wp-content\/uploads\/IMG_2980-300x200.jpg 300w, https:\/\/www.eol-chansons.ch\/wp-content\/uploads\/IMG_2980-768x512.jpg 768w, https:\/\/www.eol-chansons.ch\/wp-content\/uploads\/IMG_2980-1536x1024.jpg 1536w, https:\/\/www.eol-chansons.ch\/wp-content\/uploads\/IMG_2980-2048x1365.jpg 2048w\" sizes=\"auto, (max-width: 1024px) 100vw, 1024px\" \/><\/figure>\n<\/figure>\n\n\n\n<hr class=\"wp-block-separator has-alpha-channel-opacity\"\/>\n\n\n\n<div style=\"height:50px\" aria-hidden=\"true\" class=\"wp-block-spacer\"><\/div>\n\n\n\n<p>Bar le Cylure &#8211; Lausanne &#8211; 23.3.2024<\/p>\n\n\n\n<figure class=\"wp-block-image size-large\"><img loading=\"lazy\" decoding=\"async\" width=\"1024\" height=\"461\" src=\"https:\/\/www.eol-chansons.ch\/wp-content\/uploads\/WhatsApp-Bild-2024-06-18-um-18.34.30_5e4644f3-1024x461.jpg\" alt=\"\" class=\"wp-image-41\" srcset=\"https:\/\/www.eol-chansons.ch\/wp-content\/uploads\/WhatsApp-Bild-2024-06-18-um-18.34.30_5e4644f3-1024x461.jpg 1024w, https:\/\/www.eol-chansons.ch\/wp-content\/uploads\/WhatsApp-Bild-2024-06-18-um-18.34.30_5e4644f3-300x135.jpg 300w, https:\/\/www.eol-chansons.ch\/wp-content\/uploads\/WhatsApp-Bild-2024-06-18-um-18.34.30_5e4644f3-768x346.jpg 768w, https:\/\/www.eol-chansons.ch\/wp-content\/uploads\/WhatsApp-Bild-2024-06-18-um-18.34.30_5e4644f3-1536x692.jpg 1536w, https:\/\/www.eol-chansons.ch\/wp-content\/uploads\/WhatsApp-Bild-2024-06-18-um-18.34.30_5e4644f3.jpg 2016w\" sizes=\"auto, (max-width: 1024px) 100vw, 1024px\" \/><\/figure>\n\n\n\n<figure class=\"wp-block-gallery has-nested-images columns-default is-cropped wp-block-gallery-6 is-layout-flex wp-block-gallery-is-layout-flex\">\n<figure class=\"wp-block-image size-large\"><img loading=\"lazy\" decoding=\"async\" width=\"1024\" height=\"768\" data-id=\"42\" src=\"https:\/\/www.eol-chansons.ch\/wp-content\/uploads\/WhatsApp-Bild-2024-06-18-um-18.34.30_579a3f17-1024x768.jpg\" alt=\"\" class=\"wp-image-42\" srcset=\"https:\/\/www.eol-chansons.ch\/wp-content\/uploads\/WhatsApp-Bild-2024-06-18-um-18.34.30_579a3f17-1024x768.jpg 1024w, https:\/\/www.eol-chansons.ch\/wp-content\/uploads\/WhatsApp-Bild-2024-06-18-um-18.34.30_579a3f17-300x225.jpg 300w, https:\/\/www.eol-chansons.ch\/wp-content\/uploads\/WhatsApp-Bild-2024-06-18-um-18.34.30_579a3f17-768x576.jpg 768w, https:\/\/www.eol-chansons.ch\/wp-content\/uploads\/WhatsApp-Bild-2024-06-18-um-18.34.30_579a3f17-1536x1152.jpg 1536w, https:\/\/www.eol-chansons.ch\/wp-content\/uploads\/WhatsApp-Bild-2024-06-18-um-18.34.30_579a3f17.jpg 2048w\" sizes=\"auto, (max-width: 1024px) 100vw, 1024px\" \/><\/figure>\n\n\n\n<figure class=\"wp-block-image size-large\"><img loading=\"lazy\" decoding=\"async\" width=\"768\" height=\"1024\" data-id=\"43\" src=\"https:\/\/www.eol-chansons.ch\/wp-content\/uploads\/WhatsApp-Bild-2024-06-18-um-18.34.30_1161d03f-768x1024.jpg\" alt=\"\" class=\"wp-image-43\" srcset=\"https:\/\/www.eol-chansons.ch\/wp-content\/uploads\/WhatsApp-Bild-2024-06-18-um-18.34.30_1161d03f-768x1024.jpg 768w, https:\/\/www.eol-chansons.ch\/wp-content\/uploads\/WhatsApp-Bild-2024-06-18-um-18.34.30_1161d03f-225x300.jpg 225w, https:\/\/www.eol-chansons.ch\/wp-content\/uploads\/WhatsApp-Bild-2024-06-18-um-18.34.30_1161d03f-1152x1536.jpg 1152w, https:\/\/www.eol-chansons.ch\/wp-content\/uploads\/WhatsApp-Bild-2024-06-18-um-18.34.30_1161d03f.jpg 1536w\" sizes=\"auto, (max-width: 768px) 100vw, 768px\" \/><\/figure>\n<\/figure>\n\n\n\n<hr class=\"wp-block-separator has-alpha-channel-opacity\"\/>\n\n\n\n<div style=\"height:100px\" aria-hidden=\"true\" class=\"wp-block-spacer\"><\/div>\n\n\n\n<p>Opernhaus Wuppertal &#8211; Allemagne &#8211; 15.5.2024<\/p>\n\n\n\n<figure class=\"wp-block-image size-large\"><img loading=\"lazy\" decoding=\"async\" width=\"1024\" height=\"577\" src=\"https:\/\/www.eol-chansons.ch\/wp-content\/uploads\/20240516_211741-1024x577.jpg\" alt=\"\" class=\"wp-image-45\" srcset=\"https:\/\/www.eol-chansons.ch\/wp-content\/uploads\/20240516_211741-1024x577.jpg 1024w, https:\/\/www.eol-chansons.ch\/wp-content\/uploads\/20240516_211741-300x169.jpg 300w, https:\/\/www.eol-chansons.ch\/wp-content\/uploads\/20240516_211741-768x432.jpg 768w, https:\/\/www.eol-chansons.ch\/wp-content\/uploads\/20240516_211741-1536x865.jpg 1536w, https:\/\/www.eol-chansons.ch\/wp-content\/uploads\/20240516_211741-2048x1153.jpg 2048w\" sizes=\"auto, (max-width: 1024px) 100vw, 1024px\" \/><\/figure>\n\n\n\n<hr class=\"wp-block-separator has-alpha-channel-opacity\"\/>\n\n\n\n<p>La Bredouille &#8211; K\u00f6ln &#8211; Allemagne &#8211; 27.11.2025<\/p>\n\n\n\n<p>Die Grotte, Schauspiel K\u00f6ln &#8211; Allemagne &#8211; 16.1.2025<\/p>\n\n\n\n<p>Le Kibele &#8211; Paris &#8211; France &#8211; 16.1.2025<\/p>\n\n\n\n<p>Le Connetable &#8211; Paris &#8211; France- 17.1.2025<\/p>\n\n\n\n<p>Le Cavern (sc\u00e8ne ouverte) &#8211; Paris &#8211; France &#8211; 18.1.25<\/p>\n\n\n\n<p><\/p>\n","protected":false},"excerpt":{"rendered":"<p>Caf\u00e9 Fridolin &#8211; K\u00f6ln &#8211; Allemagne &#8211; 18.11.2023 Caf\u00e9 Lieblings &#8211; Bern &#8211; Suisse &#8211; 20.3.2024 Yens &#8211; Suisse &#8211; 21.3.2024 Maison de Quartier Sous-Gare &#8211; Lausanne &#8211; Suisse &#8211; 22.3.2024 Bar le Cylure &#8211; Lausanne &#8211; 23.3.2024 Opernhaus Wuppertal &#8211; Allemagne &#8211; 15.5.2024 La Bredouille &#8211; K\u00f6ln &#8211; Allemagne &#8211; 27.11.2025 Die Grotte, Schauspiel [&hellip;]<\/p>\n","protected":false},"author":2,"featured_media":0,"parent":0,"menu_order":0,"comment_status":"closed","ping_status":"closed","template":"","meta":{"footnotes":""},"class_list":["post-23","page","type-page","status-publish","hentry"],"_links":{"self":[{"href":"https:\/\/www.eol-chansons.ch\/index.php?rest_route=\/wp\/v2\/pages\/23","targetHints":{"allow":["GET"]}}],"collection":[{"href":"https:\/\/www.eol-chansons.ch\/index.php?rest_route=\/wp\/v2\/pages"}],"about":[{"href":"https:\/\/www.eol-chansons.ch\/index.php?rest_route=\/wp\/v2\/types\/page"}],"author":[{"embeddable":true,"href":"https:\/\/www.eol-chansons.ch\/index.php?rest_route=\/wp\/v2\/users\/2"}],"replies":[{"embeddable":true,"href":"https:\/\/www.eol-chansons.ch\/index.php?rest_route=%2Fwp%2Fv2%2Fcomments&post=23"}],"version-history":[{"count":3,"href":"https:\/\/www.eol-chansons.ch\/index.php?rest_route=\/wp\/v2\/pages\/23\/revisions"}],"predecessor-version":[{"id":75,"href":"https:\/\/www.eol-chansons.ch\/index.php?rest_route=\/wp\/v2\/pages\/23\/revisions\/75"}],"wp:attachment":[{"href":"https:\/\/www.eol-chansons.ch\/index.php?rest_route=%2Fwp%2Fv2%2Fmedia&parent=23"}],"curies":[{"name":"wp","href":"https:\/\/api.w.org\/{rel}","templated":true}]}}